{"id":8412,"date":"2026-03-16T08:39:24","date_gmt":"2026-03-16T05:39:24","guid":{"rendered":"https:\/\/arkopa.com.tr\/?page_id=8412"},"modified":"2026-03-16T16:38:41","modified_gmt":"2026-03-16T13:38:41","slug":"surdurulebilirlik","status":"publish","type":"page","link":"https:\/\/arkopa.com.tr\/en\/surdurulebilirlik\/","title":{"rendered":"(Turkish) S\u00fcrd\u00fcr\u00fclebilirlik"},"content":{"rendered":"<p class=\"qtranxs-available-languages-message qtranxs-available-languages-message-en\">Sorry, this entry is only available in <a href=\"https:\/\/arkopa.com.tr\/tr\/wp-json\/wp\/v2\/pages\/8412\" class=\"qtranxs-available-language-link qtranxs-available-language-link-tr\" title=\"Turkish\">Turkish<\/a>.<\/p>\n","protected":false},"excerpt":{"rendered":"<p>Sorry, this entry is only available in Turkish.<\/p>\n","protected":false},"author":4,"featured_media":0,"parent":0,"menu_order":0,"comment_status":"closed","ping_status":"closed","template":"","meta":{"footnotes":""},"class_list":["post-8412","page","type-page","status-publish","hentry"],"_links":{"self":[{"href":"https:\/\/arkopa.com.tr\/en\/wp-json\/wp\/v2\/pages\/8412","targetHints":{"allow":["GET"]}}],"collection":[{"href":"https:\/\/arkopa.com.tr\/en\/wp-json\/wp\/v2\/pages"}],"about":[{"href":"https:\/\/arkopa.com.tr\/en\/wp-json\/wp\/v2\/types\/page"}],"author":[{"embeddable":true,"href":"https:\/\/arkopa.com.tr\/en\/wp-json\/wp\/v2\/users\/4"}],"replies":[{"embeddable":true,"href":"https:\/\/arkopa.com.tr\/en\/wp-json\/wp\/v2\/comments?post=8412"}],"version-history":[{"count":58,"href":"https:\/\/arkopa.com.tr\/en\/wp-json\/wp\/v2\/pages\/8412\/revisions"}],"predecessor-version":[{"id":8495,"href":"https:\/\/arkopa.com.tr\/en\/wp-json\/wp\/v2\/pages\/8412\/revisions\/8495"}],"wp:attachment":[{"href":"https:\/\/arkopa.com.tr\/en\/wp-json\/wp\/v2\/media?parent=8412"}],"curies":[{"name":"wp","href":"https:\/\/api.w.org\/{rel}","templated":true}]}}