{"id":8134,"date":"2024-03-27T10:35:39","date_gmt":"2024-03-27T07:35:39","guid":{"rendered":"https:\/\/arkopa.com.tr\/?page_id=8134"},"modified":"2025-10-10T15:02:46","modified_gmt":"2025-10-10T12:02:46","slug":"is-basvuru-formu","status":"publish","type":"page","link":"https:\/\/arkopa.com.tr\/en\/is-basvuru-formu\/","title":{"rendered":"(Turkish) \u0130\u015f Ba\u015fvuru Formu"},"content":{"rendered":"<p class=\"qtranxs-available-languages-message qtranxs-available-languages-message-en\">Sorry, this entry is only available in <a href=\"https:\/\/arkopa.com.tr\/tr\/wp-json\/wp\/v2\/pages\/8134\" class=\"qtranxs-available-language-link qtranxs-available-language-link-tr\" title=\"Turkish\">Turkish<\/a>.<\/p>\n","protected":false},"excerpt":{"rendered":"<p>Sorry, this entry is only available in Turkish.<\/p>\n","protected":false},"author":1,"featured_media":0,"parent":0,"menu_order":0,"comment_status":"closed","ping_status":"closed","template":"","meta":{"footnotes":""},"class_list":["post-8134","page","type-page","status-publish","hentry"],"_links":{"self":[{"href":"https:\/\/arkopa.com.tr\/en\/wp-json\/wp\/v2\/pages\/8134","targetHints":{"allow":["GET"]}}],"collection":[{"href":"https:\/\/arkopa.com.tr\/en\/wp-json\/wp\/v2\/pages"}],"about":[{"href":"https:\/\/arkopa.com.tr\/en\/wp-json\/wp\/v2\/types\/page"}],"author":[{"embeddable":true,"href":"https:\/\/arkopa.com.tr\/en\/wp-json\/wp\/v2\/users\/1"}],"replies":[{"embeddable":true,"href":"https:\/\/arkopa.com.tr\/en\/wp-json\/wp\/v2\/comments?post=8134"}],"version-history":[{"count":2,"href":"https:\/\/arkopa.com.tr\/en\/wp-json\/wp\/v2\/pages\/8134\/revisions"}],"predecessor-version":[{"id":8143,"href":"https:\/\/arkopa.com.tr\/en\/wp-json\/wp\/v2\/pages\/8134\/revisions\/8143"}],"wp:attachment":[{"href":"https:\/\/arkopa.com.tr\/en\/wp-json\/wp\/v2\/media?parent=8134"}],"curies":[{"name":"wp","href":"https:\/\/api.w.org\/{rel}","templated":true}]}}