{"id":7999,"date":"2023-12-29T16:32:02","date_gmt":"2023-12-29T13:32:02","guid":{"rendered":"https:\/\/arkopa.com.tr\/?page_id=7999"},"modified":"2024-02-02T16:13:15","modified_gmt":"2024-02-02T13:13:15","slug":"kurumsal-esitlik-politikasi-2","status":"publish","type":"page","link":"https:\/\/arkopa.com.tr\/en\/kurumsal-esitlik-politikasi-2\/","title":{"rendered":"Kurumsal E\u015fitlik Politikas\u0131"},"content":{"rendered":"<p>[vc_row][vc_column][vc_column_text]<\/p>\n<h3 style=\"text-align: center;\">KURUMSAL E\u015e\u0130TL\u0130K POL\u0130T\u0130KASI<\/h3>\n<p>Bu politikan\u0131n amac\u0131 Arkopa Ah\u015fap Panel\u2019 in Kurumsal E\u015fitlik ilkeleri kapsam\u0131nda \u00e7al\u0131\u015fmalar\u0131n\u0131 y\u00fcr\u00fct\u00fclmesi ve firmam\u0131z i\u00e7in \u2018<strong>Kurumsal E\u015fitlik\u2019<\/strong> kavram\u0131n\u0131n \u00f6nemini vurgulamakt\u0131r.<\/p>\n<p>&nbsp;<\/p>\n<p>Arkopa Ah\u015fap Panel olarak t\u00fcm s\u00fcre\u00e7lerimizi Kurumsal E\u015fitlik ilkelerimiz do\u011frultusunda y\u00f6netmeyi hedeflemektir. Kurumsal E\u015fitlik Politikam\u0131z; dil, \u0131rk, renk, cinsiyet, engellilik, siyasal d\u00fc\u015f\u00fcnce, felsef\u00ee inan\u00e7, din, mezhep ve benzeri sebeplere dayal\u0131 ayr\u0131m yap\u0131lmamas\u0131 gereklili\u011fi \u00fczerine olu\u015fturulmu\u015ftur. Kurumsal E\u015fitlik Politikas\u0131 kapsam\u0131nda temel hedefimiz t\u00fcm s\u00fcre\u00e7lerimizi Kurumsal E\u015fitlik ilkelerimiz do\u011frultusunda y\u00fcr\u00fctmektir.<\/p>\n<p>&nbsp;<\/p>\n<ul>\n<li>\u0130\u015f ili\u015fkisinde ve t\u00fcm insan kaynaklar\u0131 s\u00fcre\u00e7lerinde \u201c<em>dil, \u0131rk, renk, cinsiyet, engellilik, siyasal d\u00fc\u015f\u00fcnce, felsef\u00ee inan\u00e7, din ve mezhep ve benzeri sebeplere dayal\u0131<\/em>\u201d ayr\u0131m yapmay\u0131p, her bireye e\u015fit f\u0131rsatlar sunar\u0131z.<\/li>\n<li>Kurumsal E\u015fitlik\u2019 kavram\u0131n\u0131 \u015firketimiz b\u00fcnyesinde stratejik olarak ya\u015fama ge\u00e7irmek hedefimizdir.<\/li>\n<li>E\u015fitlik kavram\u0131na olumsuz etkileyebilecek her t\u00fcrl\u00fc yakla\u015f\u0131mdan uzak durarak firma s\u00fcre\u00e7lerimizi s\u00fcrd\u00fcrmeye \u00f6zen g\u00f6steririz.<\/li>\n<li>Ger\u00e7ekle\u015ftirdi\u011fimiz faaliyetlerde e\u015fitlik bilincini \u00f6n planda tutarak \u00e7al\u0131\u015fanlar\u0131m\u0131zla ve etkile\u015fim halinde oldu\u011fumuz t\u00fcm payda\u015flar\u0131m\u0131zla bu bilincin korunmas\u0131 i\u00e7in \u00e7al\u0131\u015f\u0131r\u0131z.<\/li>\n<li>Kad\u0131n \u00e7al\u0131\u015fanlar\u0131n orta ve \u00fcst d\u00fczey y\u00f6netimdeki karar al\u0131c\u0131 pozisyonlarda yer almas\u0131n\u0131 destekleriz.<\/li>\n<li>Payda\u015flar\u0131m\u0131zla kurdu\u011fumuz ili\u015fkide; \u00e7e\u015fitlili\u011fi tan\u0131yan, e\u015fitli\u011fi esas alan kapsay\u0131c\u0131 bir ileti\u015fim kurmaya \u00f6zen g\u00f6steririz.<\/li>\n<li>\u00dclkemizin ve toplumun kalk\u0131nmas\u0131 ve daima ileri gidebilmesi i\u00e7in s\u00fcrekli iyile\u015ftirmelerle \u00e7al\u0131\u015fmalar\u0131m\u0131za devam ederiz.<\/li>\n<\/ul>\n<p>&nbsp;<\/p>\n<p>T\u00fcm faaliyetlerimizi bu do\u011frultuda s\u00fcrd\u00fcrmeyi taahh\u00fct ederiz.<\/p>\n<p>&nbsp;<\/p>\n<h3>ARKOPA<\/h3>\n<p>[\/vc_column_text][\/vc_column][\/vc_row][vc_row][vc_column][vc_empty_space][\/vc_column][\/vc_row]<\/p>\n","protected":false},"excerpt":{"rendered":"<p>[vc_row][vc_column][vc_column_text] KURUMSAL E\u015e\u0130TL\u0130K POL\u0130T\u0130KASI Bu politikan\u0131n amac\u0131 Arkopa Ah\u015fap Panel\u2019 in Kurumsal E\u015fitlik ilkeleri kapsam\u0131nda \u00e7al\u0131\u015fmalar\u0131n\u0131 y\u00fcr\u00fct\u00fclmesi ve firmam\u0131z i\u00e7in \u2018Kurumsal E\u015fitlik\u2019 kavram\u0131n\u0131n \u00f6nemini vurgulamakt\u0131r. &nbsp; Arkopa Ah\u015fap Panel olarak t\u00fcm s\u00fcre\u00e7lerimizi Kurumsal E\u015fitlik ilkelerimiz do\u011frultusunda y\u00f6netmeyi hedeflemektir. Kurumsal E\u015fitlik [&hellip;]<\/p>\n","protected":false},"author":1,"featured_media":0,"parent":0,"menu_order":0,"comment_status":"closed","ping_status":"closed","template":"","meta":{"footnotes":""},"class_list":["post-7999","page","type-page","status-publish","hentry"],"_links":{"self":[{"href":"https:\/\/arkopa.com.tr\/en\/wp-json\/wp\/v2\/pages\/7999","targetHints":{"allow":["GET"]}}],"collection":[{"href":"https:\/\/arkopa.com.tr\/en\/wp-json\/wp\/v2\/pages"}],"about":[{"href":"https:\/\/arkopa.com.tr\/en\/wp-json\/wp\/v2\/types\/page"}],"author":[{"embeddable":true,"href":"https:\/\/arkopa.com.tr\/en\/wp-json\/wp\/v2\/users\/1"}],"replies":[{"embeddable":true,"href":"https:\/\/arkopa.com.tr\/en\/wp-json\/wp\/v2\/comments?post=7999"}],"version-history":[{"count":6,"href":"https:\/\/arkopa.com.tr\/en\/wp-json\/wp\/v2\/pages\/7999\/revisions"}],"predecessor-version":[{"id":8083,"href":"https:\/\/arkopa.com.tr\/en\/wp-json\/wp\/v2\/pages\/7999\/revisions\/8083"}],"wp:attachment":[{"href":"https:\/\/arkopa.com.tr\/en\/wp-json\/wp\/v2\/media?parent=7999"}],"curies":[{"name":"wp","href":"https:\/\/api.w.org\/{rel}","templated":true}]}}