{"id":7117,"date":"2022-03-25T15:25:22","date_gmt":"2022-03-25T12:25:22","guid":{"rendered":"https:\/\/arkopa.com.tr\/?page_id=7117"},"modified":"2023-10-23T11:21:51","modified_gmt":"2023-10-23T08:21:51","slug":"bizden-haberler","status":"publish","type":"page","link":"https:\/\/arkopa.com.tr\/en\/bizden-haberler\/","title":{"rendered":"News From Us"},"content":{"rendered":"<p>[vc_row][vc_column][vc_empty_space height=&#8221;50px&#8221;][\/vc_column][\/vc_row][vc_row row_content_width=&#8221;grid&#8221; css=&#8221;.vc_custom_1539934908096{padding-top: 41px !important;padding-bottom: 65px !important;}&#8221;][vc_column]<div class=\"eltdf-elements-holder   eltdf-one-column  eltdf-responsive-mode-768 \" ><div class=\"eltdf-eh-item    \"  data-item-class=\"eltdf-eh-custom-3933\" data-1025-1366=\"0 430px 0 0\" data-769-1024=\"0 220px 0 0\" data-681-768=\"0 50px 0 0\" data-680=\"0 0px 0 0\">\n\t<div class=\"eltdf-eh-item-inner\">\n\t\t<div class=\"eltdf-eh-item-content eltdf-eh-custom-3933\" style=\"padding: 0 620px 0 0\">\n\t\t\t[vc_column_text]<\/p>\n<h1>News From Us<\/h1>\n<p>[\/vc_column_text]\t\t<\/div>\n\t<\/div>\n<\/div><\/div>[\/vc_column][\/vc_row][vc_row row_content_width=&#8221;grid&#8221;][vc_column]<div class=\"eltdf-background-text eltdf-align-right eltdf-no-rotate\" style=\"left: 30%;font-size: 274px\"\n     id=\"eltdf-background-text-846\" data-item-class=\"bkgText-2218\" data-font-size-1600=\"240px\" data-font-size-1366=\"220px\" data-font-size-1024=\"204px\" data-font-size-768=\"204px\" data-font-size-680=\"136px\" data-horizontal-offset-1600=\"150px\" data-horizontal-offset-1366=\"292px\" data-horizontal-offset-1024=\"350px\" data-horizontal-offset-768=\"157px\" data-horizontal-offset-680=\"62px\" data-vertical-offset-1024=\"19px\" data-vertical-offset-768=\"19px\" data-vertical-offset-680=\"24px\">\n    <div class=\"eltdf-background-text-inner\">\n\t\tNEWS    <\/div>\n<\/div>\n[\/vc_column][\/vc_row][vc_row css=&#8221;.vc_custom_1544013370486{padding-top: 27px !important;padding-bottom: 55px !important;}&#8221;][vc_column][vc_row_inner row_content_width=&#8221;grid&#8221;][vc_column_inner][vc_empty_space height=&#8221;50px&#8221;]<div class=\"eltdf-blog-list-holder eltdf-grid-list eltdf-disable-bottom-space eltdf-bl-overlay eltdf-two-columns eltdf-normal-space eltdf-bl-pag-no-pagination\"  data-type=overlay data-number-of-posts=100 data-number-of-columns=two data-space-between-items=normal data-category=bizden-haberler data-orderby=date data-order=DESC data-image-size=full data-title-tag=h4 data-post-info-date=no data-post-info-category=yes data-pagination-type=no-pagination data-max-num-pages=1 data-next-page=2>\n\t<div class=\"eltdf-bl-wrapper eltdf-outer-space\">\n\t\t<ul class=\"eltdf-blog-list\">\n\t\t\t<li class=\"eltdf-bl-item eltdf-item-space xxx\">\n    <div class=\"eltdf-bli-inner\">\n\t\t\n\t<div class=\"eltdf-post-image\">\n\t\t\t\t\t<a itemprop=\"url\" href=\"https:\/\/arkopa.com.tr\/en\/2023-unicera-fuarina-katildik\/\" title=\"We attended the 2023 Unicera Fair\">\n\t\t\t\t\t<img loading=\"lazy\" decoding=\"async\" width=\"750\" height=\"500\" src=\"https:\/\/arkopa.com.tr\/wp-content\/uploads\/2023\/11\/unicera-kapak.jpg\" class=\"attachment-full size-full\" alt=\"\" srcset=\"https:\/\/arkopa.com.tr\/wp-content\/uploads\/2023\/11\/unicera-kapak.jpg 750w, https:\/\/arkopa.com.tr\/wp-content\/uploads\/2023\/11\/unicera-kapak-300x200.jpg 300w, https:\/\/arkopa.com.tr\/wp-content\/uploads\/2023\/11\/unicera-kapak-600x400.jpg 600w\" sizes=\"auto, (max-width: 750px) 100vw, 750px\" \/>\t\t\t\t\t<\/a>\n\t\t\t\t\t<\/div>\n        <div class=\"eltdf-bli-content\">\n\t\t\t\n\t\t\t\n<h4 itemprop=\"name\" class=\"entry-title eltdf-post-title\" >\n            <a itemprop=\"url\" href=\"https:\/\/arkopa.com.tr\/en\/2023-unicera-fuarina-katildik\/\" title=\"We attended the 2023 Unicera Fair\">\n            We attended the 2023 Unicera Fair            <\/a>\n    <\/h4>\n            <div class=\"eltdf-bli-info\">\n\t\t\t\t<div class=\"eltdf-post-info-category\">\n    <a href=\"https:\/\/arkopa.com.tr\/en\/category\/bizden-haberler\/\" rel=\"category tag\">News From Us<\/a><\/div>            <\/div>\n\n        <\/div>\n    <\/div>\n<\/li><li class=\"eltdf-bl-item eltdf-item-space xxx\">\n    <div class=\"eltdf-bli-inner\">\n\t\t\n\t<div class=\"eltdf-post-image\">\n\t\t\t\t\t<a itemprop=\"url\" href=\"https:\/\/arkopa.com.tr\/en\/2023-italya-sicam-fuarina-katildik\/\" title=\"(Turkish) 2023 \u0130talya SICAM Fuar\u0131na Kat\u0131ld\u0131k\">\n\t\t\t\t\t<img loading=\"lazy\" decoding=\"async\" width=\"750\" height=\"500\" src=\"https:\/\/arkopa.com.tr\/wp-content\/uploads\/2023\/10\/sicam-kapak.jpg\" class=\"attachment-full size-full\" alt=\"\" srcset=\"https:\/\/arkopa.com.tr\/wp-content\/uploads\/2023\/10\/sicam-kapak.jpg 750w, https:\/\/arkopa.com.tr\/wp-content\/uploads\/2023\/10\/sicam-kapak-300x200.jpg 300w, https:\/\/arkopa.com.tr\/wp-content\/uploads\/2023\/10\/sicam-kapak-600x400.jpg 600w\" sizes=\"auto, (max-width: 750px) 100vw, 750px\" \/>\t\t\t\t\t<\/a>\n\t\t\t\t\t<\/div>\n        <div class=\"eltdf-bli-content\">\n\t\t\t\n\t\t\t\n<h4 itemprop=\"name\" class=\"entry-title eltdf-post-title\" >\n            <a itemprop=\"url\" href=\"https:\/\/arkopa.com.tr\/en\/2023-italya-sicam-fuarina-katildik\/\" title=\"(Turkish) 2023 \u0130talya SICAM Fuar\u0131na Kat\u0131ld\u0131k\">\n            (Turkish) 2023 \u0130talya SICAM Fuar\u0131na Kat\u0131ld\u0131k            <\/a>\n    <\/h4>\n            <div class=\"eltdf-bli-info\">\n\t\t\t\t<div class=\"eltdf-post-info-category\">\n    <a href=\"https:\/\/arkopa.com.tr\/en\/category\/bizden-haberler\/\" rel=\"category tag\">News From Us<\/a><\/div>            <\/div>\n\n        <\/div>\n    <\/div>\n<\/li><li class=\"eltdf-bl-item eltdf-item-space xxx\">\n    <div class=\"eltdf-bli-inner\">\n\t\t\n\t<div class=\"eltdf-post-image\">\n\t\t\t\t\t<a itemprop=\"url\" href=\"https:\/\/arkopa.com.tr\/en\/intermob-2023-fuarina-katildik\/\" title=\"Intermob 2023 Fair\">\n\t\t\t\t\t<img loading=\"lazy\" decoding=\"async\" width=\"750\" height=\"500\" src=\"https:\/\/arkopa.com.tr\/wp-content\/uploads\/2023\/10\/arkopa-intermob-fuar.jpg\" class=\"attachment-full size-full\" alt=\"\" srcset=\"https:\/\/arkopa.com.tr\/wp-content\/uploads\/2023\/10\/arkopa-intermob-fuar.jpg 750w, https:\/\/arkopa.com.tr\/wp-content\/uploads\/2023\/10\/arkopa-intermob-fuar-300x200.jpg 300w, https:\/\/arkopa.com.tr\/wp-content\/uploads\/2023\/10\/arkopa-intermob-fuar-600x400.jpg 600w\" sizes=\"auto, (max-width: 750px) 100vw, 750px\" \/>\t\t\t\t\t<\/a>\n\t\t\t\t\t<\/div>\n        <div class=\"eltdf-bli-content\">\n\t\t\t\n\t\t\t\n<h4 itemprop=\"name\" class=\"entry-title eltdf-post-title\" >\n            <a itemprop=\"url\" href=\"https:\/\/arkopa.com.tr\/en\/intermob-2023-fuarina-katildik\/\" title=\"Intermob 2023 Fair\">\n            Intermob 2023 Fair            <\/a>\n    <\/h4>\n            <div class=\"eltdf-bli-info\">\n\t\t\t\t<div class=\"eltdf-post-info-category\">\n    <a href=\"https:\/\/arkopa.com.tr\/en\/category\/bizden-haberler\/\" rel=\"category tag\">News From Us<\/a><\/div>            <\/div>\n\n        <\/div>\n    <\/div>\n<\/li><li class=\"eltdf-bl-item eltdf-item-space xxx\">\n    <div class=\"eltdf-bli-inner\">\n\t\t\n\t<div class=\"eltdf-post-image\">\n\t\t\t\t\t<a itemprop=\"url\" href=\"https:\/\/arkopa.com.tr\/en\/ekonomim-dergisi-r-onur-kilicer-roportaj\/\" title=\"(Turkish) Ekonomim Dergisi R. Onur K\u0131l\u0131\u00e7er R\u00f6portaj\">\n\t\t\t\t\t<img loading=\"lazy\" decoding=\"async\" width=\"750\" height=\"500\" src=\"https:\/\/arkopa.com.tr\/wp-content\/uploads\/2023\/10\/onur-kilicer-xooY.jpg\" class=\"attachment-full size-full\" alt=\"\" srcset=\"https:\/\/arkopa.com.tr\/wp-content\/uploads\/2023\/10\/onur-kilicer-xooY.jpg 750w, https:\/\/arkopa.com.tr\/wp-content\/uploads\/2023\/10\/onur-kilicer-xooY-300x200.jpg 300w, https:\/\/arkopa.com.tr\/wp-content\/uploads\/2023\/10\/onur-kilicer-xooY-600x400.jpg 600w\" sizes=\"auto, (max-width: 750px) 100vw, 750px\" \/>\t\t\t\t\t<\/a>\n\t\t\t\t\t<\/div>\n        <div class=\"eltdf-bli-content\">\n\t\t\t\n\t\t\t\n<h4 itemprop=\"name\" class=\"entry-title eltdf-post-title\" >\n            <a itemprop=\"url\" href=\"https:\/\/arkopa.com.tr\/en\/ekonomim-dergisi-r-onur-kilicer-roportaj\/\" title=\"(Turkish) Ekonomim Dergisi R. Onur K\u0131l\u0131\u00e7er R\u00f6portaj\">\n            (Turkish) Ekonomim Dergisi R. Onur K\u0131l\u0131\u00e7er R\u00f6portaj            <\/a>\n    <\/h4>\n            <div class=\"eltdf-bli-info\">\n\t\t\t\t<div class=\"eltdf-post-info-category\">\n    <a href=\"https:\/\/arkopa.com.tr\/en\/category\/bizden-haberler\/\" rel=\"category tag\">News From Us<\/a><\/div>            <\/div>\n\n        <\/div>\n    <\/div>\n<\/li><li class=\"eltdf-bl-item eltdf-item-space xxx\">\n    <div class=\"eltdf-bli-inner\">\n\t\t\n\t<div class=\"eltdf-post-image\">\n\t\t\t\t\t<a itemprop=\"url\" href=\"https:\/\/arkopa.com.tr\/en\/interzum-cologne-2023\/\" title=\"Interzum Cologne 2023\">\n\t\t\t\t\t<img loading=\"lazy\" decoding=\"async\" width=\"750\" height=\"500\" src=\"https:\/\/arkopa.com.tr\/wp-content\/uploads\/2023\/10\/interzum-fair-cover.jpg\" class=\"attachment-full size-full\" alt=\"\" srcset=\"https:\/\/arkopa.com.tr\/wp-content\/uploads\/2023\/10\/interzum-fair-cover.jpg 750w, https:\/\/arkopa.com.tr\/wp-content\/uploads\/2023\/10\/interzum-fair-cover-300x200.jpg 300w, https:\/\/arkopa.com.tr\/wp-content\/uploads\/2023\/10\/interzum-fair-cover-600x400.jpg 600w\" sizes=\"auto, (max-width: 750px) 100vw, 750px\" \/>\t\t\t\t\t<\/a>\n\t\t\t\t\t<\/div>\n        <div class=\"eltdf-bli-content\">\n\t\t\t\n\t\t\t\n<h4 itemprop=\"name\" class=\"entry-title eltdf-post-title\" >\n            <a itemprop=\"url\" href=\"https:\/\/arkopa.com.tr\/en\/interzum-cologne-2023\/\" title=\"Interzum Cologne 2023\">\n            Interzum Cologne 2023            <\/a>\n    <\/h4>\n            <div class=\"eltdf-bli-info\">\n\t\t\t\t<div class=\"eltdf-post-info-category\">\n    <a href=\"https:\/\/arkopa.com.tr\/en\/category\/bizden-haberler\/\" rel=\"category tag\">News From Us<\/a><\/div>            <\/div>\n\n        <\/div>\n    <\/div>\n<\/li><li class=\"eltdf-bl-item eltdf-item-space xxx\">\n    <div class=\"eltdf-bli-inner\">\n\t\t\n\t<div class=\"eltdf-post-image\">\n\t\t\t\t\t<a itemprop=\"url\" href=\"https:\/\/arkopa.com.tr\/en\/yesil-yenilenebilir-enerji\/\" title=\"Green Renewable Energy\">\n\t\t\t\t\t<img loading=\"lazy\" decoding=\"async\" width=\"750\" height=\"500\" src=\"https:\/\/arkopa.com.tr\/wp-content\/uploads\/2022\/11\/renawable-energy-cover.jpg\" class=\"attachment-full size-full\" alt=\"\" srcset=\"https:\/\/arkopa.com.tr\/wp-content\/uploads\/2022\/11\/renawable-energy-cover.jpg 750w, https:\/\/arkopa.com.tr\/wp-content\/uploads\/2022\/11\/renawable-energy-cover-300x200.jpg 300w, https:\/\/arkopa.com.tr\/wp-content\/uploads\/2022\/11\/renawable-energy-cover-600x400.jpg 600w\" sizes=\"auto, (max-width: 750px) 100vw, 750px\" \/>\t\t\t\t\t<\/a>\n\t\t\t\t\t<\/div>\n        <div class=\"eltdf-bli-content\">\n\t\t\t\n\t\t\t\n<h4 itemprop=\"name\" class=\"entry-title eltdf-post-title\" >\n            <a itemprop=\"url\" href=\"https:\/\/arkopa.com.tr\/en\/yesil-yenilenebilir-enerji\/\" title=\"Green Renewable Energy\">\n            Green Renewable Energy            <\/a>\n    <\/h4>\n            <div class=\"eltdf-bli-info\">\n\t\t\t\t<div class=\"eltdf-post-info-category\">\n    <a href=\"https:\/\/arkopa.com.tr\/en\/category\/bizden-haberler\/\" rel=\"category tag\">News From Us<\/a><\/div>            <\/div>\n\n        <\/div>\n    <\/div>\n<\/li><li class=\"eltdf-bl-item eltdf-item-space xxx\">\n    <div class=\"eltdf-bli-inner\">\n\t\t\n\t<div class=\"eltdf-post-image\">\n\t\t\t\t\t<a itemprop=\"url\" href=\"https:\/\/arkopa.com.tr\/en\/intermob-2022-fuari\/\" title=\"Intermob 2022 Fair\">\n\t\t\t\t\t<img loading=\"lazy\" decoding=\"async\" width=\"750\" height=\"500\" src=\"https:\/\/arkopa.com.tr\/wp-content\/uploads\/2023\/10\/kapak.jpg\" class=\"attachment-full size-full\" alt=\"\" srcset=\"https:\/\/arkopa.com.tr\/wp-content\/uploads\/2023\/10\/kapak.jpg 750w, https:\/\/arkopa.com.tr\/wp-content\/uploads\/2023\/10\/kapak-300x200.jpg 300w, https:\/\/arkopa.com.tr\/wp-content\/uploads\/2023\/10\/kapak-600x400.jpg 600w\" sizes=\"auto, (max-width: 750px) 100vw, 750px\" \/>\t\t\t\t\t<\/a>\n\t\t\t\t\t<\/div>\n        <div class=\"eltdf-bli-content\">\n\t\t\t\n\t\t\t\n<h4 itemprop=\"name\" class=\"entry-title eltdf-post-title\" >\n            <a itemprop=\"url\" href=\"https:\/\/arkopa.com.tr\/en\/intermob-2022-fuari\/\" title=\"Intermob 2022 Fair\">\n            Intermob 2022 Fair            <\/a>\n    <\/h4>\n            <div class=\"eltdf-bli-info\">\n\t\t\t\t<div class=\"eltdf-post-info-category\">\n    <a href=\"https:\/\/arkopa.com.tr\/en\/category\/bizden-haberler\/\" rel=\"category tag\">News From Us<\/a><\/div>            <\/div>\n\n        <\/div>\n    <\/div>\n<\/li><li class=\"eltdf-bl-item eltdf-item-space xxx\">\n    <div class=\"eltdf-bli-inner\">\n\t\t\n\t<div class=\"eltdf-post-image\">\n\t\t\t\t\t<a itemprop=\"url\" href=\"https:\/\/arkopa.com.tr\/en\/firmamiz-ihracat-rakamlari-ile-kayseride-7-akdeniz-bolgesinde-ise-11-sirayla-odule-layik-goruldu\/\" title=\"Our company ranked 7th in Kayseri and 11th in the Mediterranean Region with its export figures\">\n\t\t\t\t\t<img loading=\"lazy\" decoding=\"async\" width=\"750\" height=\"500\" src=\"https:\/\/arkopa.com.tr\/wp-content\/uploads\/2022\/03\/Arkopa-Bizden-Haberler-AKAMIB-Odul-Toreni-Sahne.jpg\" class=\"attachment-full size-full\" alt=\"\" srcset=\"https:\/\/arkopa.com.tr\/wp-content\/uploads\/2022\/03\/Arkopa-Bizden-Haberler-AKAMIB-Odul-Toreni-Sahne.jpg 750w, https:\/\/arkopa.com.tr\/wp-content\/uploads\/2022\/03\/Arkopa-Bizden-Haberler-AKAMIB-Odul-Toreni-Sahne-300x200.jpg 300w, https:\/\/arkopa.com.tr\/wp-content\/uploads\/2022\/03\/Arkopa-Bizden-Haberler-AKAMIB-Odul-Toreni-Sahne-600x400.jpg 600w\" sizes=\"auto, (max-width: 750px) 100vw, 750px\" \/>\t\t\t\t\t<\/a>\n\t\t\t\t\t<\/div>\n        <div class=\"eltdf-bli-content\">\n\t\t\t\n\t\t\t\n<h4 itemprop=\"name\" class=\"entry-title eltdf-post-title\" >\n            <a itemprop=\"url\" href=\"https:\/\/arkopa.com.tr\/en\/firmamiz-ihracat-rakamlari-ile-kayseride-7-akdeniz-bolgesinde-ise-11-sirayla-odule-layik-goruldu\/\" title=\"Our company ranked 7th in Kayseri and 11th in the Mediterranean Region with its export figures\">\n            Our company ranked 7th in Kayseri and 11th in the Mediterranean Region with its export figures            <\/a>\n    <\/h4>\n            <div class=\"eltdf-bli-info\">\n\t\t\t\t<div class=\"eltdf-post-info-category\">\n    <a href=\"https:\/\/arkopa.com.tr\/en\/category\/bizden-haberler\/\" rel=\"category tag\">News From Us<\/a><\/div>            <\/div>\n\n        <\/div>\n    <\/div>\n<\/li><li class=\"eltdf-bl-item eltdf-item-space xxx\">\n    <div class=\"eltdf-bli-inner\">\n\t\t\n\t<div class=\"eltdf-post-image\">\n\t\t\t\t\t<a itemprop=\"url\" href=\"https:\/\/arkopa.com.tr\/en\/ticaret-bakan-yardimcisi-sn-riza-tuna-turagay-tim-baskani-sn-ismail-gulle-ve-beraberindeki-heyet-akamib-odul-toreni-oncesinde-firmamiza-ziyarette-bulunmuslardir\/\" title=\"Deputy Minister of Trade Mr. R\u0131za Tuna Turagay, TIM President Mr. \u0130smail G\u00fclle and the accompanying delegation visited our company before the AKAM\u0130B Award Ceremony\">\n\t\t\t\t\t<img loading=\"lazy\" decoding=\"async\" width=\"750\" height=\"500\" src=\"https:\/\/arkopa.com.tr\/wp-content\/uploads\/2022\/03\/Arkopa-Bizden-Haberler-AKAMIB-Odul-Toreni.jpg\" class=\"attachment-full size-full\" alt=\"\" srcset=\"https:\/\/arkopa.com.tr\/wp-content\/uploads\/2022\/03\/Arkopa-Bizden-Haberler-AKAMIB-Odul-Toreni.jpg 750w, https:\/\/arkopa.com.tr\/wp-content\/uploads\/2022\/03\/Arkopa-Bizden-Haberler-AKAMIB-Odul-Toreni-300x200.jpg 300w, https:\/\/arkopa.com.tr\/wp-content\/uploads\/2022\/03\/Arkopa-Bizden-Haberler-AKAMIB-Odul-Toreni-600x400.jpg 600w\" sizes=\"auto, (max-width: 750px) 100vw, 750px\" \/>\t\t\t\t\t<\/a>\n\t\t\t\t\t<\/div>\n        <div class=\"eltdf-bli-content\">\n\t\t\t\n\t\t\t\n<h4 itemprop=\"name\" class=\"entry-title eltdf-post-title\" >\n            <a itemprop=\"url\" href=\"https:\/\/arkopa.com.tr\/en\/ticaret-bakan-yardimcisi-sn-riza-tuna-turagay-tim-baskani-sn-ismail-gulle-ve-beraberindeki-heyet-akamib-odul-toreni-oncesinde-firmamiza-ziyarette-bulunmuslardir\/\" title=\"Deputy Minister of Trade Mr. R\u0131za Tuna Turagay, TIM President Mr. \u0130smail G\u00fclle and the accompanying delegation visited our company before the AKAM\u0130B Award Ceremony\">\n            Deputy Minister of Trade Mr. R\u0131za Tuna Turagay, TIM President Mr. \u0130smail G\u00fclle and the accompanying delegation visited our company before the AKAM\u0130B Award Ceremony            <\/a>\n    <\/h4>\n            <div class=\"eltdf-bli-info\">\n\t\t\t\t<div class=\"eltdf-post-info-category\">\n    <a href=\"https:\/\/arkopa.com.tr\/en\/category\/bizden-haberler\/\" rel=\"category tag\">News From Us<\/a><\/div>            <\/div>\n\n        <\/div>\n    <\/div>\n<\/li><li class=\"eltdf-bl-item eltdf-item-space xxx\">\n    <div class=\"eltdf-bli-inner\">\n\t\t\n\t<div class=\"eltdf-post-image\">\n\t\t\t\t\t<a itemprop=\"url\" href=\"https:\/\/arkopa.com.tr\/en\/mobilya-ihracatinda-hedef-pazar-amerika-kitasi\/\" title=\"The target market in furniture exports is the American continent\">\n\t\t\t\t\t<img loading=\"lazy\" decoding=\"async\" width=\"750\" height=\"500\" src=\"https:\/\/arkopa.com.tr\/wp-content\/uploads\/2021\/12\/Bizden-Haberler-Taslak-2.jpg\" class=\"attachment-full size-full\" alt=\"\" srcset=\"https:\/\/arkopa.com.tr\/wp-content\/uploads\/2021\/12\/Bizden-Haberler-Taslak-2.jpg 750w, https:\/\/arkopa.com.tr\/wp-content\/uploads\/2021\/12\/Bizden-Haberler-Taslak-2-600x400.jpg 600w, https:\/\/arkopa.com.tr\/wp-content\/uploads\/2021\/12\/Bizden-Haberler-Taslak-2-300x200.jpg 300w\" sizes=\"auto, (max-width: 750px) 100vw, 750px\" \/>\t\t\t\t\t<\/a>\n\t\t\t\t\t<\/div>\n        <div class=\"eltdf-bli-content\">\n\t\t\t\n\t\t\t\n<h4 itemprop=\"name\" class=\"entry-title eltdf-post-title\" >\n            <a itemprop=\"url\" href=\"https:\/\/arkopa.com.tr\/en\/mobilya-ihracatinda-hedef-pazar-amerika-kitasi\/\" title=\"The target market in furniture exports is the American continent\">\n            The target market in furniture exports is the American continent            <\/a>\n    <\/h4>\n            <div class=\"eltdf-bli-info\">\n\t\t\t\t<div class=\"eltdf-post-info-category\">\n    <a href=\"https:\/\/arkopa.com.tr\/en\/category\/bizden-haberler\/\" rel=\"category tag\">News From Us<\/a><\/div>            <\/div>\n\n        <\/div>\n    <\/div>\n<\/li><li class=\"eltdf-bl-item eltdf-item-space xxx\">\n    <div class=\"eltdf-bli-inner\">\n\t\t\n\t<div class=\"eltdf-post-image\">\n\t\t\t\t\t<a itemprop=\"url\" href=\"https:\/\/arkopa.com.tr\/en\/yonetim-kurulu-baskanimiz-ve-akib-yonetim-kurulum-baskani-r-onur-kilicer-saat-1400da-canli-yayinda\/\" title=\"Our Chairman of the Board of Directors and AK\u0130B Chairman of the Board of Directors R. Onur KILI\u00c7ER on a Live Broadcast at 14:00\">\n\t\t\t\t\t<img loading=\"lazy\" decoding=\"async\" width=\"750\" height=\"500\" src=\"https:\/\/arkopa.com.tr\/wp-content\/uploads\/2021\/12\/Bizden-Haberler-Taslak.jpg\" class=\"attachment-full size-full\" alt=\"\" srcset=\"https:\/\/arkopa.com.tr\/wp-content\/uploads\/2021\/12\/Bizden-Haberler-Taslak.jpg 750w, https:\/\/arkopa.com.tr\/wp-content\/uploads\/2021\/12\/Bizden-Haberler-Taslak-600x400.jpg 600w, https:\/\/arkopa.com.tr\/wp-content\/uploads\/2021\/12\/Bizden-Haberler-Taslak-300x200.jpg 300w\" sizes=\"auto, (max-width: 750px) 100vw, 750px\" \/>\t\t\t\t\t<\/a>\n\t\t\t\t\t<\/div>\n        <div class=\"eltdf-bli-content\">\n\t\t\t\n\t\t\t\n<h4 itemprop=\"name\" class=\"entry-title eltdf-post-title\" >\n            <a itemprop=\"url\" href=\"https:\/\/arkopa.com.tr\/en\/yonetim-kurulu-baskanimiz-ve-akib-yonetim-kurulum-baskani-r-onur-kilicer-saat-1400da-canli-yayinda\/\" title=\"Our Chairman of the Board of Directors and AK\u0130B Chairman of the Board of Directors R. Onur KILI\u00c7ER on a Live Broadcast at 14:00\">\n            Our Chairman of the Board of Directors and AK\u0130B Chairman of the Board of Directors R. Onur KILI\u00c7ER on a Live Broadcast at 14:00            <\/a>\n    <\/h4>\n            <div class=\"eltdf-bli-info\">\n\t\t\t\t<div class=\"eltdf-post-info-category\">\n    <a href=\"https:\/\/arkopa.com.tr\/en\/category\/bizden-haberler\/\" rel=\"category tag\">News From Us<\/a><\/div>            <\/div>\n\n        <\/div>\n    <\/div>\n<\/li>\t\t<\/ul>\n\t<\/div>\n\t<\/div>[\/vc_column_inner][\/vc_row_inner][\/vc_column][\/vc_row][vc_row][vc_column][vc_empty_space height=&#8221;50px&#8221;][\/vc_column][\/vc_row]<\/p>\n","protected":false},"excerpt":{"rendered":"<p>[vc_row][vc_column][vc_empty_space height=&#8221;50px&#8221;][\/vc_column][\/vc_row][vc_row row_content_width=&#8221;grid&#8221; css=&#8221;.vc_custom_1539934908096{padding-top: 41px !important;padding-bottom: 65px !important;}&#8221;][vc_column][\/vc_column][\/vc_row][vc_row row_content_width=&#8221;grid&#8221;][vc_column][\/vc_column][\/vc_row][vc_row css=&#8221;.vc_custom_1544013370486{padding-top: 27px !important;padding-bottom: 55px !important;}&#8221;][vc_column][vc_row_inner row_content_width=&#8221;grid&#8221;][vc_column_inner][vc_empty_space height=&#8221;50px&#8221;][\/vc_column_inner][\/vc_row_inner][\/vc_column][\/vc_row][vc_row][vc_column][vc_empty_space height=&#8221;50px&#8221;][\/vc_column][\/vc_row]<\/p>\n","protected":false},"author":1,"featured_media":0,"parent":0,"menu_order":0,"comment_status":"closed","ping_status":"closed","template":"full-width.php","meta":{"footnotes":""},"class_list":["post-7117","page","type-page","status-publish","hentry"],"_links":{"self":[{"href":"https:\/\/arkopa.com.tr\/en\/wp-json\/wp\/v2\/pages\/7117","targetHints":{"allow":["GET"]}}],"collection":[{"href":"https:\/\/arkopa.com.tr\/en\/wp-json\/wp\/v2\/pages"}],"about":[{"href":"https:\/\/arkopa.com.tr\/en\/wp-json\/wp\/v2\/types\/page"}],"author":[{"embeddable":true,"href":"https:\/\/arkopa.com.tr\/en\/wp-json\/wp\/v2\/users\/1"}],"replies":[{"embeddable":true,"href":"https:\/\/arkopa.com.tr\/en\/wp-json\/wp\/v2\/comments?post=7117"}],"version-history":[{"count":10,"href":"https:\/\/arkopa.com.tr\/en\/wp-json\/wp\/v2\/pages\/7117\/revisions"}],"predecessor-version":[{"id":7918,"href":"https:\/\/arkopa.com.tr\/en\/wp-json\/wp\/v2\/pages\/7117\/revisions\/7918"}],"wp:attachment":[{"href":"https:\/\/arkopa.com.tr\/en\/wp-json\/wp\/v2\/media?parent=7117"}],"curies":[{"name":"wp","href":"https:\/\/api.w.org\/{rel}","templated":true}]}}