{"id":5188,"date":"2021-12-22T13:41:16","date_gmt":"2021-12-22T10:41:16","guid":{"rendered":"https:\/\/arkopa.com.tr\/A-Yeni-Site-Tasarim\/?page_id=5188"},"modified":"2024-02-02T15:59:54","modified_gmt":"2024-02-02T12:59:54","slug":"kvkk-aydinlatma-metni","status":"publish","type":"page","link":"https:\/\/arkopa.com.tr\/en\/kvkk-aydinlatma-metni\/","title":{"rendered":"KVKK Ayd\u0131nlatma Metni"},"content":{"rendered":"<p>[vc_row][vc_column][vc_column_text]<\/p>\n<h3 style=\"text-align: center;\">ARKOPA AH\u015eAP PANEL SANAY\u0130 ANON\u0130M \u015e\u0130RKET\u0130<br \/>\n\u0130NTERNET S\u0130TES\u0130 \u0130LET\u0130\u015e\u0130M FORMLARINA Y\u00d6NEL\u0130K<br \/>\nK\u0130\u015e\u0130SEL VER\u0130LER\u0130N KORUNMASI KAPSAMINDA AYDINLATMA METN\u0130<\/h3>\n<p style=\"text-align: left;\">Arkopa Ah\u015fap Panel San. A.\u015e 6698 say\u0131l\u0131 Ki\u015fisel Verilerin Korunmas\u0131 Kanunu kapsam\u0131nda \u015firketimiz sizin a\u015fa\u011f\u0131da yer alan baz\u0131 ki\u015fisel verileriniz i\u015flenecekleri ama\u00e7la uygun ve s\u0131n\u0131rl\u0131 \u015fekilde i\u015flenecektir. Taraf\u0131m\u0131za iletti\u011finiz ki\u015fisel verileriniz fiziki ortamlarda olu\u015fturaca\u011f\u0131m\u0131z dosyada ve kullanm\u0131\u015f oldu\u011fumuz bilgisayar programlar\u0131nda g\u00fcvenli bir \u015fekilde muhafaza edilecektir.<\/p>\n<ol style=\"text-align: left;\">\n<li><strong>TANIMLAR:<\/strong><\/li>\n<\/ol>\n<table class=\" alignleft\">\n<tbody>\n<tr>\n<td width=\"201\">A.\u00a0\u00a0\u00a0 K\u0130\u015e\u0130SEL VER\u0130<\/td>\n<td width=\"20\">:<\/td>\n<td width=\"383\">Kimli\u011fi belirli veya belirlenebilir ger\u00e7ek ki\u015fiye ili\u015fkin her t\u00fcrl\u00fc bilgi.<\/p>\n<p>&nbsp;<\/td>\n<\/tr>\n<tr>\n<td width=\"201\">B.\u00a0\u00a0\u00a0 \u0130LG\u0130 K\u0130\u015e\u0130<\/td>\n<td width=\"20\">:<\/td>\n<td width=\"383\">Ki\u015fisel verisi i\u015flenen ger\u00e7ek ki\u015fi.<\/p>\n<p>&nbsp;<\/td>\n<\/tr>\n<tr>\n<td width=\"201\">C.\u00a0\u00a0\u00a0 VER\u0130 SORUMLUSU<\/td>\n<td width=\"20\">:<\/td>\n<td width=\"383\">Ki\u015fisel verilerin i\u015fleme ama\u00e7lar\u0131n\u0131 ve vas\u0131talar\u0131n\u0131 belirleyen, veri kay\u0131t sisteminin kurulmas\u0131ndan ve y\u00f6netilmesinden sorumlu olan ger\u00e7ek veya t\u00fczel ki\u015fi.<\/td>\n<\/tr>\n<\/tbody>\n<\/table>\n<ol style=\"text-align: left;\" start=\"2\">\n<li style=\"text-align: left;\"><strong>VER\u0130 SORUMLUSUNUN VE VARSA TEMS\u0130LC\u0130S\u0130N\u0130N K\u0130ML\u0130\u011e\u0130<\/strong><\/li>\n<\/ol>\n<p style=\"text-align: left;\">6698 Say\u0131l\u0131 Ki\u015fisel Verilerin Korunmas\u0131 Kanunu (\u201cKVKK\u201d) uyar\u0131nca yukar\u0131da tan\u0131m\u0131na yer verilen Veri Sorumlusuna ait bilgiler Kanunun 10. Maddesi gere\u011fince a\u015fa\u011f\u0131da yer almaktad\u0131r.<\/p>\n<table class=\" alignleft\">\n<tbody>\n<tr>\n<td width=\"201\">Veri Sorumlusunun Unvan\u0131<\/td>\n<td width=\"16\">:<\/td>\n<td width=\"387\">Arkopa Ah\u015fap Panel San. A.\u015e.<\/td>\n<\/tr>\n<tr>\n<td width=\"201\">Vergi \/ Mersis Numaras\u0131<\/td>\n<td width=\"16\">:<\/td>\n<td width=\"387\">0790369589 \/ 079036958900017<\/td>\n<\/tr>\n<tr>\n<td width=\"201\">Adresi<\/td>\n<td width=\"16\">:<\/td>\n<td width=\"387\">Organize Sanayi B\u00f6lgesi 17. Cad. No:2\/C 38070 Melikgazi\/Kayseri<\/td>\n<\/tr>\n<tr>\n<td width=\"201\">Telefon Numaras\u0131<\/td>\n<td width=\"16\">:<\/td>\n<td width=\"387\">0352 321 2611<\/td>\n<\/tr>\n<tr>\n<td width=\"201\">KEP Adresi<\/td>\n<td width=\"16\">:<\/td>\n<td width=\"387\">arkopa@hs01.kep.tr<\/td>\n<\/tr>\n<tr>\n<td width=\"201\">E-Posta Adresi<\/td>\n<td width=\"16\">:<\/td>\n<td width=\"387\">kvkk.verbis@hs01.kep.tr<\/td>\n<\/tr>\n<tr>\n<td width=\"201\">\u0130nternet Adresi<\/td>\n<td width=\"16\">:<\/td>\n<td width=\"387\">www.arkopa.com.tr<\/td>\n<\/tr>\n<tr>\n<td width=\"201\">Fax<\/td>\n<td width=\"16\">:<\/td>\n<td width=\"387\">0352 321 26 10<\/td>\n<\/tr>\n<\/tbody>\n<\/table>\n<ol style=\"text-align: left;\" start=\"3\">\n<li><strong>VER\u0130 SORUMLUSU TARAFINDAN \u0130\u015eLENEN K\u0130\u015e\u0130SEL VER\u0130LER<\/strong><\/li>\n<\/ol>\n<p style=\"text-align: left;\">Veri Sorumlusu taraf\u0131ndan i\u015fbu ayd\u0131nlatma metni kapsam\u0131nda ilgili ki\u015finin i\u015flenecek ki\u015fisel verileri a\u015fa\u011f\u0131da s\u0131n\u0131fland\u0131r\u0131lm\u0131\u015ft\u0131r.<\/p>\n<table class=\" alignleft\">\n<tbody>\n<tr>\n<td width=\"200\">Kimlik Bilgisi<\/td>\n<td width=\"20\">:<\/td>\n<td width=\"384\">Ad Soyad,<\/td>\n<\/tr>\n<tr>\n<td width=\"200\">\u0130leti\u015fim<\/td>\n<td width=\"20\">:<\/td>\n<td width=\"384\">Telefon No, E-Posta Adresi<\/td>\n<\/tr>\n<\/tbody>\n<\/table>\n<p style=\"text-align: left;\"><strong>\u00a0<\/strong><\/p>\n<ol style=\"text-align: left;\" start=\"4\">\n<li><strong>K\u0130\u015e\u0130SEL VER\u0130LER\u0130N \u0130\u015eLENME AMACI<\/strong><\/li>\n<\/ol>\n<p>Veri Sorumlusuna internet ortam\u0131nda y\u00f6ntemle iletti\u011finiz ki\u015fisel verileriniz Ki\u015fisel Verilerin Korunmas\u0131 Kanunun 5 ve 6. Maddelerinde belirtilen ki\u015fisel verilerin i\u015flenme \u015fartlar\u0131 ve ama\u00e7lar\u0131 dahilinde yine ayn\u0131 Kanununda belirtilen temel ilkelere uygun olarak \u0130leti\u015fim faaliyetlerinin y\u00fcr\u00fct\u00fclmesi amac\u0131yla ve bu ama\u00e7la ba\u011flant\u0131l\u0131, orant\u0131l\u0131 ve s\u0131n\u0131rl\u0131 bir \u015fekilde i\u015flenecektir.<\/p>\n<ol style=\"text-align: left;\" start=\"5\">\n<li><strong>\u0130\u015eLENEN K\u0130\u015e\u0130SEL VER\u0130LER\u0130N AKTARILDI\u011eI K\u0130\u015e\u0130LER VE AKTARILMA AMACI<\/strong><\/li>\n<\/ol>\n<p style=\"text-align: left;\">Veri Sorumlusu taraf\u0131ndan yukar\u0131daki ama\u00e7larla i\u015flenen ki\u015fisel verileriniz \u00fc\u00e7\u00fcnc\u00fc ki\u015filere aktar\u0131lmayacakt\u0131r.<\/p>\n<ol style=\"text-align: left;\" start=\"6\">\n<li><strong>K\u0130\u015e\u0130SEL VER\u0130LER\u0130 TOPLAMA Y\u00d6NTEM\u0130 ve HUKUK\u0130 SEBEB\u0130<\/strong><\/li>\n<\/ol>\n<p>Ki\u015fisel verileriniz; internet sayfam\u0131zda yer alan ileti\u015fim formunun doldurulmas\u0131 suretiyle a\u00e7\u0131k r\u0131zan\u0131z bulunmas\u0131 hukuki sebebiyle veri i\u015fleme \u015fartlar\u0131 kapsam\u0131nda otomatik y\u00f6ntemlerle i\u015flenecektir.<\/p>\n<ol style=\"text-align: left;\" start=\"7\">\n<li><strong>\u0130LG\u0130L\u0130 K\u0130\u015e\u0130N\u0130N KVKK KAPSAMINDA YER ALAN HAKLARI<\/strong><\/li>\n<\/ol>\n<p>Veri Sorumlusu taraf\u0131ndan ki\u015fisel verilerinizin i\u015flenmesi sebebiyle Ki\u015fisel Verilerin Korunmas\u0131 Kanunun 11. Maddesi ve Veri Sorumlusuna Ba\u015fvuru Usul ve Esaslar\u0131 Hakk\u0131nda Tebli\u011f uyar\u0131nca;<\/p>\n<p>Arkopa Ah\u015fap Panel San. A.\u015e\u2019 nin Organize Sanayi B\u00f6lgesi 17. Cadde No: 2\/C 38070 MEL\u0130KGAZ\u0130 \/ KAYSER\u0130 \/ T\u00dcRK\u0130YE adresine noter arac\u0131l\u0131\u011f\u0131yla g\u00f6nderece\u011fi ihtarname ile veya kimlik ibraz etmek suretiyle \u015fahsen (veya yetkili vekili marifetiyle) ba\u015fvuruda bulunarak;<\/p>\n<table class=\" alignleft\">\n<tbody>\n<tr>\n<td width=\"604\">a.\u00a0\u00a0\u00a0 Ki\u015fisel veri i\u015flenip i\u015flenmedi\u011fini \u00f6\u011frenme,<\/p>\n<p>b.\u00a0\u00a0\u00a0 Ki\u015fisel verileri i\u015flenmi\u015fse buna ili\u015fkin bilgi talep etme,<\/p>\n<p>c.\u00a0\u00a0\u00a0 Ki\u015fisel\u00a0 verilerin\u00a0 i\u015flenme\u00a0 amac\u0131n\u0131\u00a0 ve\u00a0 bunlar\u0131n\u00a0 amac\u0131na\u00a0 uygun\u00a0 kullan\u0131l\u0131p kullan\u0131lmad\u0131\u011f\u0131n\u0131 \u00f6\u011frenme,<\/p>\n<p>\u00e7.\u00a0 Yurt i\u00e7inde veya yurt d\u0131\u015f\u0131nda ki\u015fisel verilerin aktar\u0131ld\u0131\u011f\u0131 \u00fc\u00e7\u00fcnc\u00fc ki\u015fileri bilme,<\/p>\n<p>d.\u00a0\u00a0\u00a0 Ki\u015fisel verilerin eksik veya yanl\u0131\u015f i\u015flenmi\u015f olmas\u0131 h\u00e2linde bunlar\u0131n d\u00fczeltilmesini isteme,<\/p>\n<p>e.\u00a0\u00a0\u00a0 maddede \u00f6ng\u00f6r\u00fclen \u015fartlar \u00e7er\u00e7evesinde ki\u015fisel verilerin silinmesini veya yok<\/p>\n<p>edilmesini isteme,<\/p>\n<p>f.\u00a0\u00a0\u00a0\u00a0 (d) ve (e) bentleri uyar\u0131nca yap\u0131lan i\u015flemlerin, ki\u015fisel verilerin aktar\u0131ld\u0131\u011f\u0131 \u00fc\u00e7\u00fcnc\u00fc ki\u015filere bildirilmesini isteme,<\/p>\n<p>g.\u00a0\u00a0\u00a0 \u0130\u015flenen verilerin m\u00fcnhas\u0131ran otomatik sistemler vas\u0131tas\u0131yla analiz edilmesi<\/p>\n<p>suretiyle ki\u015finin kendisi aleyhine bir sonucun ortaya \u00e7\u0131kmas\u0131na itiraz etme,<\/p>\n<p>\u011f.\u00a0 Ki\u015fisel verilerin kanuna ayk\u0131r\u0131 olarak i\u015flenmesi sebebiyle zarara u\u011framas\u0131<\/p>\n<p>h\u00e2linde zarar\u0131n giderilmesini talep etme,<\/p>\n<p>&nbsp;<\/td>\n<\/tr>\n<\/tbody>\n<\/table>\n<p>Haklar\u0131n\u0131z bulunmakta olup, Veri Sorumlusu olarak taraf\u0131m\u0131za iletilen ba\u015fvurular\u0131n\u0131z, talebinizin niteli\u011fine g\u00f6re en k\u0131sa s\u00fcrede ve en ge\u00e7 30 (otuz) g\u00fcn i\u00e7eresinde \u00fccretsiz olarak cevapland\u0131r\u0131lacakt\u0131r. Ancak i\u015flemin ayr\u0131ca bir maliyet gerektirmesi halinde, Ki\u015fisel Verileri Koruma Kurulu taraf\u0131ndan belirlenen tarifedeki \u00fccret esas al\u0131nacakt\u0131r.<\/p>\n<p>ARKOPA[\/vc_column_text][\/vc_column][\/vc_row][vc_row][vc_column][vc_empty_space][\/vc_column][\/vc_row]<\/p>\n","protected":false},"excerpt":{"rendered":"<p>[vc_row][vc_column][vc_column_text] ARKOPA AH\u015eAP PANEL SANAY\u0130 ANON\u0130M \u015e\u0130RKET\u0130 \u0130NTERNET S\u0130TES\u0130 \u0130LET\u0130\u015e\u0130M FORMLARINA Y\u00d6NEL\u0130K K\u0130\u015e\u0130SEL VER\u0130LER\u0130N KORUNMASI KAPSAMINDA AYDINLATMA METN\u0130 Arkopa Ah\u015fap Panel San. A.\u015e 6698 say\u0131l\u0131 Ki\u015fisel Verilerin Korunmas\u0131 Kanunu kapsam\u0131nda \u015firketimiz sizin a\u015fa\u011f\u0131da yer alan baz\u0131 ki\u015fisel verileriniz i\u015flenecekleri ama\u00e7la [&hellip;]<\/p>\n","protected":false},"author":1,"featured_media":0,"parent":0,"menu_order":0,"comment_status":"closed","ping_status":"closed","template":"","meta":{"footnotes":""},"class_list":["post-5188","page","type-page","status-publish","hentry"],"_links":{"self":[{"href":"https:\/\/arkopa.com.tr\/en\/wp-json\/wp\/v2\/pages\/5188","targetHints":{"allow":["GET"]}}],"collection":[{"href":"https:\/\/arkopa.com.tr\/en\/wp-json\/wp\/v2\/pages"}],"about":[{"href":"https:\/\/arkopa.com.tr\/en\/wp-json\/wp\/v2\/types\/page"}],"author":[{"embeddable":true,"href":"https:\/\/arkopa.com.tr\/en\/wp-json\/wp\/v2\/users\/1"}],"replies":[{"embeddable":true,"href":"https:\/\/arkopa.com.tr\/en\/wp-json\/wp\/v2\/comments?post=5188"}],"version-history":[{"count":8,"href":"https:\/\/arkopa.com.tr\/en\/wp-json\/wp\/v2\/pages\/5188\/revisions"}],"predecessor-version":[{"id":8077,"href":"https:\/\/arkopa.com.tr\/en\/wp-json\/wp\/v2\/pages\/5188\/revisions\/8077"}],"wp:attachment":[{"href":"https:\/\/arkopa.com.tr\/en\/wp-json\/wp\/v2\/media?parent=5188"}],"curies":[{"name":"wp","href":"https:\/\/api.w.org\/{rel}","templated":true}]}}