{"id":8256,"date":"2024-09-11T16:49:11","date_gmt":"2024-09-11T13:49:11","guid":{"rendered":"https:\/\/arkopa.com.tr\/?page_id=8256"},"modified":"2024-09-11T16:50:32","modified_gmt":"2024-09-11T13:50:32","slug":"proje-isleri-ve-v-cut-islemleri","status":"publish","type":"page","link":"https:\/\/arkopa.com.tr\/ar\/proje-isleri-ve-v-cut-islemleri\/","title":{"rendered":"Proje \u0130\u015fleri ve V-Cut \u0130\u015flemleri"},"content":{"rendered":"<p>[vc_row simple_background_color=&#8221;#f9f7f5&#8243;][vc_column width=&#8221;1\/2&#8243; css=&#8221;.vc_custom_1725976775286{padding-top: 60px !important;padding-right: 60px !important;padding-left: 60px !important;}&#8221;][vc_column_text]<\/p>\n<h2>PROJE \u0130\u015eLER\u0130 VE V-CUT \u0130\u015eLEMLER\u0130<\/h2>\n<p>V-Cut teknolojisi ile mobilya tasar\u0131m\u0131nda estetik ve fonksiyonelli\u011fi bir araya getiriyoruz. Masa tablalar\u0131, \u00e7ekmece kasalar\u0131 ve mod\u00fcler panellerde kusursuz sonu\u00e7lar elde edersiniz. \u00d6zel projelerde ihtiya\u00e7lar\u0131n\u0131za y\u00f6nelik \u00f6zelle\u015ftirilmi\u015f \u00e7\u00f6z\u00fcmler sunarak, tasar\u0131m a\u015famas\u0131nda kapsaml\u0131 destek sa\u011fl\u0131yoruz. Projelerinizin her a\u015famas\u0131nda size \u00f6zel tasar\u0131mlar sunarak, mek\u00e2nlar\u0131n\u0131z\u0131 istedi\u011finiz gibi \u015fekillendirmenize yard\u0131mc\u0131 oluyoruz. \u00c7evresel etkileri minimize eden yakla\u015f\u0131mlar\u0131m\u0131zla s\u00fcrd\u00fcr\u00fclebilir \u00e7\u00f6z\u00fcmler \u00fcretiyoruz. V-Cut panellerimizle projelerinize estetik, i\u015flevsellik ve \u00f6zelle\u015ftirilmi\u015f\u00a0\u00e7\u00f6z\u00fcmler\u00a0kat\u0131n.[\/vc_column_text][vc_empty_space height=&#8221;60px&#8221;][\/vc_column][vc_column width=&#8221;1\/2&#8243;][vc_single_image image=&#8221;8257&#8243; img_size=&#8221;large&#8221; alignment=&#8221;center&#8221; onclick=&#8221;link_image&#8221;][vc_empty_space height=&#8221;60px&#8221;][\/vc_column][\/vc_row]<\/p>\n","protected":false},"excerpt":{"rendered":"<p>[vc_row simple_background_color=&#8221;#f9f7f5&#8243;][vc_column width=&#8221;1\/2&#8243; css=&#8221;.vc_custom_1725976775286{padding-top: 60px !important;padding-right: 60px !important;padding-left: 60px !important;}&#8221;][vc_column_text] PROJE \u0130\u015eLER\u0130 VE V-CUT \u0130\u015eLEMLER\u0130 V-Cut teknolojisi ile mobilya tasar\u0131m\u0131nda estetik ve fonksiyonelli\u011fi bir araya getiriyoruz. Masa tablalar\u0131, \u00e7ekmece kasalar\u0131 ve mod\u00fcler panellerde kusursuz sonu\u00e7lar elde edersiniz. \u00d6zel projelerde ihtiya\u00e7lar\u0131n\u0131za [&hellip;]<\/p>\n","protected":false},"author":1,"featured_media":0,"parent":0,"menu_order":0,"comment_status":"closed","ping_status":"closed","template":"full-width.php","meta":{"footnotes":""},"class_list":["post-8256","page","type-page","status-publish","hentry"],"_links":{"self":[{"href":"https:\/\/arkopa.com.tr\/ar\/wp-json\/wp\/v2\/pages\/8256","targetHints":{"allow":["GET"]}}],"collection":[{"href":"https:\/\/arkopa.com.tr\/ar\/wp-json\/wp\/v2\/pages"}],"about":[{"href":"https:\/\/arkopa.com.tr\/ar\/wp-json\/wp\/v2\/types\/page"}],"author":[{"embeddable":true,"href":"https:\/\/arkopa.com.tr\/ar\/wp-json\/wp\/v2\/users\/1"}],"replies":[{"embeddable":true,"href":"https:\/\/arkopa.com.tr\/ar\/wp-json\/wp\/v2\/comments?post=8256"}],"version-history":[{"count":2,"href":"https:\/\/arkopa.com.tr\/ar\/wp-json\/wp\/v2\/pages\/8256\/revisions"}],"predecessor-version":[{"id":8259,"href":"https:\/\/arkopa.com.tr\/ar\/wp-json\/wp\/v2\/pages\/8256\/revisions\/8259"}],"wp:attachment":[{"href":"https:\/\/arkopa.com.tr\/ar\/wp-json\/wp\/v2\/media?parent=8256"}],"curies":[{"name":"wp","href":"https:\/\/api.w.org\/{rel}","templated":true}]}}