{"id":7578,"date":"2022-12-30T09:18:55","date_gmt":"2022-12-30T06:18:55","guid":{"rendered":"https:\/\/arkopa.com.tr\/?page_id=7578"},"modified":"2022-12-30T09:20:20","modified_gmt":"2022-12-30T06:20:20","slug":"softform-kapaklar","status":"publish","type":"page","link":"https:\/\/arkopa.com.tr\/ar\/softform-kapaklar\/","title":{"rendered":"Softform Panels"},"content":{"rendered":"<p>[vc_row simple_background_color=&#8221;#f9f7f5&#8243;][vc_column]<div class=\"eltdf-banner-media-holder  media_right yes\" >\n    <div class=\"eltdf-banner-media-holder__text \" style=\"padding: 0 230px 37px 298px\" data-item-class=\"bannerMedia-8275\" data-padding-1600=\"0 140px 37px 140px\" data-padding-1366=\"0 105px 37px 123px\" data-padding-1024=\"0 30px 37px 60px\" data-padding-768=\"98px 240px 144px 76px\" data-padding-680=\"98px 29px 144px 27px\">\n\t\t        <h2 class=\"eltdf-banner-title\">\n\t\tSoftform Panels    <\/h2>\n\t\t        <div class=\"banner-media-text\">Soft-Form Panels which are the new member of Arkopa family aim to provide new styles to your life with High Gloss, Super Mat, Mat PVC, Ultiface and Acrylic options, different handle structures such as J, L or 45 degree and with various color combinations. Softform panels with the models and dimensions you need, help the pleasure and aesthetics you are looking for to become alive in your furniture.<\/div>\n\t    <div>\n\t\t<a itemprop=\"url\" href=\"#\" target=\"_self\" style=\"border-color: #000\" class=\"eltdf-btn eltdf-btn-medium eltdf-btn-simple\"  >\n    <span class=\"eltdf-btn-text\"><\/span>\n    <\/a>    <\/div>\n<\/div> <!-- \/.eltdf-banner-media-holder__left -->\n\n    <div class=\"eltdf-banner-media-holder__media\" style=\"top: -50px\">\n\t\t<img loading=\"lazy\" decoding=\"async\" width=\"1920\" height=\"960\" src=\"https:\/\/arkopa.com.tr\/wp-content\/uploads\/2022\/12\/Softform-Kapaklar-Gorsel.jpg\" class=\"attachment-full size-full\" alt=\"\" srcset=\"https:\/\/arkopa.com.tr\/wp-content\/uploads\/2022\/12\/Softform-Kapaklar-Gorsel.jpg 1920w, https:\/\/arkopa.com.tr\/wp-content\/uploads\/2022\/12\/Softform-Kapaklar-Gorsel-300x150.jpg 300w, https:\/\/arkopa.com.tr\/wp-content\/uploads\/2022\/12\/Softform-Kapaklar-Gorsel-1024x512.jpg 1024w, https:\/\/arkopa.com.tr\/wp-content\/uploads\/2022\/12\/Softform-Kapaklar-Gorsel-768x384.jpg 768w, https:\/\/arkopa.com.tr\/wp-content\/uploads\/2022\/12\/Softform-Kapaklar-Gorsel-1536x768.jpg 1536w, https:\/\/arkopa.com.tr\/wp-content\/uploads\/2022\/12\/Softform-Kapaklar-Gorsel-1300x650.jpg 1300w, https:\/\/arkopa.com.tr\/wp-content\/uploads\/2022\/12\/Softform-Kapaklar-Gorsel-600x300.jpg 600w\" sizes=\"auto, (max-width: 1920px) 100vw, 1920px\" \/>    <\/div> <!-- \/.eltdf-banner-media-holder__media -->\n<\/div> <!-- \/.eltdf-banner-media-holder -->\n\n\n[\/vc_column][\/vc_row][vc_row row_content_width=&#8221;grid&#8221;][vc_column][vc_empty_space height=&#8221;60px&#8221;][\/vc_column][\/vc_row][vc_row row_content_width=&#8221;grid&#8221;][vc_column width=&#8221;2\/3&#8243;][vc_empty_space height=&#8221;30px&#8221;][vc_column_text]<\/p>\n<h2>J &#8211; Handle<\/h2>\n<p>[\/vc_column_text][vc_column_text]J-handle single sided and double sided model helps you to create different concepts in your furniture with its single-sided J-Handle feature. It offers different options by shedding light on your designs with its edge banded corner part. It is a furniture and kitchen complement suitable for your style and pleasure with different size and color alternatives.[\/vc_column_text][vc_empty_space height=&#8221;10px&#8221;][vc_column_text]<\/p>\n<p class=\"p1\">All of our products are in compliance with E1 quality standarts. For request based orders MR, TSCA VI &amp; FSC certificated Boards are available.<\/p>\n<p>[\/vc_column_text][vc_column_text]<\/p>\n<p class=\"p1\">Note : For the technical features and availabilities of SOFTFORM panels please get contact with us.<\/p>\n<p>[\/vc_column_text][vc_empty_space height=&#8221;20px&#8221;][\/vc_column][vc_column width=&#8221;1\/3&#8243;][vc_empty_space height=&#8221;30px&#8221;][vc_column_text]<\/p>\n<h3>Standart Product Features<\/h3>\n<table style=\"height: 253px;\" width=\"451\">\n<tbody>\n<tr>\n<td>Standart Thickness:<\/td>\n<td>18\u00a0mm<\/td>\n<\/tr>\n<tr>\n<td>Standart Length:<\/td>\n<td>2800\u00a0mm<\/td>\n<\/tr>\n<\/tbody>\n<\/table>\n<p>[\/vc_column_text][vc_empty_space height=&#8221;20px&#8221;][\/vc_column][\/vc_row][vc_row row_content_width=&#8221;grid&#8221;][vc_column width=&#8221;1\/2&#8243;]<div class=\"eltdf-single-image-holder   \">\n    <div class=\"eltdf-si-inner\" >\n                                    <img loading=\"lazy\" decoding=\"async\" width=\"1500\" height=\"1500\" src=\"https:\/\/arkopa.com.tr\/wp-content\/uploads\/2022\/12\/Softform-Kapaklar-J-Kulp-Gorsel-ing.jpg\" class=\"attachment-full size-full\" alt=\"\" srcset=\"https:\/\/arkopa.com.tr\/wp-content\/uploads\/2022\/12\/Softform-Kapaklar-J-Kulp-Gorsel-ing.jpg 1500w, https:\/\/arkopa.com.tr\/wp-content\/uploads\/2022\/12\/Softform-Kapaklar-J-Kulp-Gorsel-ing-300x300.jpg 300w, https:\/\/arkopa.com.tr\/wp-content\/uploads\/2022\/12\/Softform-Kapaklar-J-Kulp-Gorsel-ing-1024x1024.jpg 1024w, https:\/\/arkopa.com.tr\/wp-content\/uploads\/2022\/12\/Softform-Kapaklar-J-Kulp-Gorsel-ing-150x150.jpg 150w, https:\/\/arkopa.com.tr\/wp-content\/uploads\/2022\/12\/Softform-Kapaklar-J-Kulp-Gorsel-ing-768x768.jpg 768w, https:\/\/arkopa.com.tr\/wp-content\/uploads\/2022\/12\/Softform-Kapaklar-J-Kulp-Gorsel-ing-650x650.jpg 650w, https:\/\/arkopa.com.tr\/wp-content\/uploads\/2022\/12\/Softform-Kapaklar-J-Kulp-Gorsel-ing-1300x1300.jpg 1300w, https:\/\/arkopa.com.tr\/wp-content\/uploads\/2022\/12\/Softform-Kapaklar-J-Kulp-Gorsel-ing-600x600.jpg 600w, https:\/\/arkopa.com.tr\/wp-content\/uploads\/2022\/12\/Softform-Kapaklar-J-Kulp-Gorsel-ing-100x100.jpg 100w\" sizes=\"auto, (max-width: 1500px) 100vw, 1500px\" \/>                        <\/div>\n<\/div>[\/vc_column][vc_column width=&#8221;1\/2&#8243;]<div class=\"eltdf-single-image-holder   \">\n    <div class=\"eltdf-si-inner\" >\n                                    <img loading=\"lazy\" decoding=\"async\" width=\"1500\" height=\"1500\" src=\"https:\/\/arkopa.com.tr\/wp-content\/uploads\/2022\/12\/Softform-Kapaklar-J-Kulp-Gorsel-Detay-ing.jpg\" class=\"attachment-full size-full\" alt=\"\" srcset=\"https:\/\/arkopa.com.tr\/wp-content\/uploads\/2022\/12\/Softform-Kapaklar-J-Kulp-Gorsel-Detay-ing.jpg 1500w, https:\/\/arkopa.com.tr\/wp-content\/uploads\/2022\/12\/Softform-Kapaklar-J-Kulp-Gorsel-Detay-ing-300x300.jpg 300w, https:\/\/arkopa.com.tr\/wp-content\/uploads\/2022\/12\/Softform-Kapaklar-J-Kulp-Gorsel-Detay-ing-1024x1024.jpg 1024w, https:\/\/arkopa.com.tr\/wp-content\/uploads\/2022\/12\/Softform-Kapaklar-J-Kulp-Gorsel-Detay-ing-150x150.jpg 150w, https:\/\/arkopa.com.tr\/wp-content\/uploads\/2022\/12\/Softform-Kapaklar-J-Kulp-Gorsel-Detay-ing-768x768.jpg 768w, https:\/\/arkopa.com.tr\/wp-content\/uploads\/2022\/12\/Softform-Kapaklar-J-Kulp-Gorsel-Detay-ing-650x650.jpg 650w, https:\/\/arkopa.com.tr\/wp-content\/uploads\/2022\/12\/Softform-Kapaklar-J-Kulp-Gorsel-Detay-ing-1300x1300.jpg 1300w, https:\/\/arkopa.com.tr\/wp-content\/uploads\/2022\/12\/Softform-Kapaklar-J-Kulp-Gorsel-Detay-ing-600x600.jpg 600w, https:\/\/arkopa.com.tr\/wp-content\/uploads\/2022\/12\/Softform-Kapaklar-J-Kulp-Gorsel-Detay-ing-100x100.jpg 100w\" sizes=\"auto, (max-width: 1500px) 100vw, 1500px\" \/>                        <\/div>\n<\/div>[\/vc_column][\/vc_row][vc_row row_content_width=&#8221;grid&#8221;][vc_column][vc_empty_space height=&#8221;60px&#8221;][\/vc_column][\/vc_row][vc_row row_content_width=&#8221;grid&#8221;][vc_column width=&#8221;2\/3&#8243;][vc_empty_space height=&#8221;30px&#8221;][vc_column_text]<\/p>\n<h2>35\u00b0 &#8211; Handle<\/h2>\n<p>[\/vc_column_text][vc_column_text]<\/p>\n<p class=\"p1\">35\u00b0 kulp modeli farkl\u0131 mekan ve \u00fcr\u00fcn tasar\u0131mlar\u0131n\u0131zda \u015f\u0131kl\u0131k ve zarafeti bir arada bulundurman\u0131za yard\u0131mc\u0131 olur. Zengin renk, y\u00fczey se\u00e7ene\u011fi ve kenarbantlar\u0131n\u0131n e\u015f\u015fiz uyumuyla sizde her zaman bir ad\u0131m \u00f6nde olun.<\/p>\n<p>[\/vc_column_text][vc_empty_space height=&#8221;10px&#8221;][vc_column_text]<\/p>\n<p class=\"p1\">All of our products are in compliance with E1 quality standarts. For request based orders MR, TSCA VI &amp; FSC certificated Boards are available.<\/p>\n<p>[\/vc_column_text][vc_column_text]<\/p>\n<p class=\"p1\">Note : For the technical features and availabilities of SOFTFORM panels please get contact with us.<\/p>\n<p>[\/vc_column_text][vc_empty_space height=&#8221;20px&#8221;][\/vc_column][vc_column width=&#8221;1\/3&#8243;][vc_empty_space height=&#8221;30px&#8221;][vc_column_text]<\/p>\n<h3>Standart Product Features<\/h3>\n<table style=\"height: 253px;\" width=\"451\">\n<tbody>\n<tr>\n<td>Standart Thickness:<\/td>\n<td>18\u00a0mm<\/td>\n<\/tr>\n<tr>\n<td>Standart Length:<\/td>\n<td>2800\u00a0mm<\/td>\n<\/tr>\n<\/tbody>\n<\/table>\n<p>[\/vc_column_text][vc_empty_space height=&#8221;20px&#8221;][\/vc_column][\/vc_row][vc_row row_content_width=&#8221;grid&#8221;][vc_column width=&#8221;1\/2&#8243;]<div class=\"eltdf-single-image-holder   \">\n    <div class=\"eltdf-si-inner\" >\n                                    <img loading=\"lazy\" decoding=\"async\" width=\"1500\" height=\"1500\" src=\"https:\/\/arkopa.com.tr\/wp-content\/uploads\/2022\/12\/Softform-Kapaklar-35-Kulp-Gorsel-ing.jpg\" class=\"attachment-full size-full\" alt=\"\" srcset=\"https:\/\/arkopa.com.tr\/wp-content\/uploads\/2022\/12\/Softform-Kapaklar-35-Kulp-Gorsel-ing.jpg 1500w, https:\/\/arkopa.com.tr\/wp-content\/uploads\/2022\/12\/Softform-Kapaklar-35-Kulp-Gorsel-ing-300x300.jpg 300w, https:\/\/arkopa.com.tr\/wp-content\/uploads\/2022\/12\/Softform-Kapaklar-35-Kulp-Gorsel-ing-1024x1024.jpg 1024w, https:\/\/arkopa.com.tr\/wp-content\/uploads\/2022\/12\/Softform-Kapaklar-35-Kulp-Gorsel-ing-150x150.jpg 150w, https:\/\/arkopa.com.tr\/wp-content\/uploads\/2022\/12\/Softform-Kapaklar-35-Kulp-Gorsel-ing-768x768.jpg 768w, https:\/\/arkopa.com.tr\/wp-content\/uploads\/2022\/12\/Softform-Kapaklar-35-Kulp-Gorsel-ing-650x650.jpg 650w, https:\/\/arkopa.com.tr\/wp-content\/uploads\/2022\/12\/Softform-Kapaklar-35-Kulp-Gorsel-ing-1300x1300.jpg 1300w, https:\/\/arkopa.com.tr\/wp-content\/uploads\/2022\/12\/Softform-Kapaklar-35-Kulp-Gorsel-ing-600x600.jpg 600w, https:\/\/arkopa.com.tr\/wp-content\/uploads\/2022\/12\/Softform-Kapaklar-35-Kulp-Gorsel-ing-100x100.jpg 100w\" sizes=\"auto, (max-width: 1500px) 100vw, 1500px\" \/>                        <\/div>\n<\/div>[\/vc_column][vc_column width=&#8221;1\/2&#8243;]<div class=\"eltdf-single-image-holder   \">\n    <div class=\"eltdf-si-inner\" >\n                                    <img loading=\"lazy\" decoding=\"async\" width=\"1500\" height=\"1500\" src=\"https:\/\/arkopa.com.tr\/wp-content\/uploads\/2022\/12\/Softform-Kapaklar-35-Kulp-Gorsel-Detay-ing.jpg\" class=\"attachment-full size-full\" alt=\"\" srcset=\"https:\/\/arkopa.com.tr\/wp-content\/uploads\/2022\/12\/Softform-Kapaklar-35-Kulp-Gorsel-Detay-ing.jpg 1500w, https:\/\/arkopa.com.tr\/wp-content\/uploads\/2022\/12\/Softform-Kapaklar-35-Kulp-Gorsel-Detay-ing-300x300.jpg 300w, https:\/\/arkopa.com.tr\/wp-content\/uploads\/2022\/12\/Softform-Kapaklar-35-Kulp-Gorsel-Detay-ing-1024x1024.jpg 1024w, https:\/\/arkopa.com.tr\/wp-content\/uploads\/2022\/12\/Softform-Kapaklar-35-Kulp-Gorsel-Detay-ing-150x150.jpg 150w, https:\/\/arkopa.com.tr\/wp-content\/uploads\/2022\/12\/Softform-Kapaklar-35-Kulp-Gorsel-Detay-ing-768x768.jpg 768w, https:\/\/arkopa.com.tr\/wp-content\/uploads\/2022\/12\/Softform-Kapaklar-35-Kulp-Gorsel-Detay-ing-650x650.jpg 650w, https:\/\/arkopa.com.tr\/wp-content\/uploads\/2022\/12\/Softform-Kapaklar-35-Kulp-Gorsel-Detay-ing-1300x1300.jpg 1300w, https:\/\/arkopa.com.tr\/wp-content\/uploads\/2022\/12\/Softform-Kapaklar-35-Kulp-Gorsel-Detay-ing-600x600.jpg 600w, https:\/\/arkopa.com.tr\/wp-content\/uploads\/2022\/12\/Softform-Kapaklar-35-Kulp-Gorsel-Detay-ing-100x100.jpg 100w\" sizes=\"auto, (max-width: 1500px) 100vw, 1500px\" \/>                        <\/div>\n<\/div>[\/vc_column][\/vc_row][vc_row row_content_width=&#8221;grid&#8221;][vc_column][vc_empty_space height=&#8221;60px&#8221;][\/vc_column][\/vc_row][vc_row row_content_width=&#8221;grid&#8221;][vc_column width=&#8221;2\/3&#8243;][vc_empty_space height=&#8221;30px&#8221;][vc_column_text]<\/p>\n<h2>45\u00b0 &#8211; Handle<\/h2>\n<p>[\/vc_column_text][vc_column_text]<\/p>\n<p class=\"p1\">45\u00b0kulp modeli farkl\u0131 mekan ve \u00fcr\u00fcn tasar\u0131mlar\u0131n\u0131zda \u015f\u0131kl\u0131k ve zarafeti bir arada bulundurman\u0131za yard\u0131mc\u0131 olur. Zengin renk, y\u00fczey se\u00e7ene\u011fi ve kenarbantlar\u0131n\u0131n e\u015f\u015fiz uyumuyla sizde her zaman bir ad\u0131m \u00f6nde olun.<\/p>\n<p>[\/vc_column_text][vc_empty_space height=&#8221;10px&#8221;][vc_column_text]<\/p>\n<p class=\"p1\">All of our products are in compliance with E1 quality standarts. For request based orders MR, TSCA VI &amp; FSC certificated Boards are available.<\/p>\n<p>[\/vc_column_text][vc_column_text]<\/p>\n<p class=\"p1\">Note : For the technical features and availabilities of SOFTFORM panels please get contact with us.<\/p>\n<p>[\/vc_column_text][vc_empty_space height=&#8221;20px&#8221;][\/vc_column][vc_column width=&#8221;1\/3&#8243;][vc_empty_space height=&#8221;30px&#8221;][vc_column_text]<\/p>\n<h3>Standart Product Features<\/h3>\n<table style=\"height: 253px;\" width=\"451\">\n<tbody>\n<tr>\n<td>Standart Thickness:<\/td>\n<td>18\u00a0mm<\/td>\n<\/tr>\n<tr>\n<td>Standart Length:<\/td>\n<td>2800\u00a0mm<\/td>\n<\/tr>\n<\/tbody>\n<\/table>\n<p>[\/vc_column_text][vc_empty_space height=&#8221;20px&#8221;][\/vc_column][\/vc_row][vc_row row_content_width=&#8221;grid&#8221;][vc_column width=&#8221;1\/2&#8243;]<div class=\"eltdf-single-image-holder   \">\n    <div class=\"eltdf-si-inner\" >\n                                    <img loading=\"lazy\" decoding=\"async\" width=\"1500\" height=\"1500\" src=\"https:\/\/arkopa.com.tr\/wp-content\/uploads\/2022\/12\/Softform-Kapaklar-45-Kulp-Gorsel-ing.jpg\" class=\"attachment-full size-full\" alt=\"\" srcset=\"https:\/\/arkopa.com.tr\/wp-content\/uploads\/2022\/12\/Softform-Kapaklar-45-Kulp-Gorsel-ing.jpg 1500w, https:\/\/arkopa.com.tr\/wp-content\/uploads\/2022\/12\/Softform-Kapaklar-45-Kulp-Gorsel-ing-300x300.jpg 300w, https:\/\/arkopa.com.tr\/wp-content\/uploads\/2022\/12\/Softform-Kapaklar-45-Kulp-Gorsel-ing-1024x1024.jpg 1024w, https:\/\/arkopa.com.tr\/wp-content\/uploads\/2022\/12\/Softform-Kapaklar-45-Kulp-Gorsel-ing-150x150.jpg 150w, https:\/\/arkopa.com.tr\/wp-content\/uploads\/2022\/12\/Softform-Kapaklar-45-Kulp-Gorsel-ing-768x768.jpg 768w, https:\/\/arkopa.com.tr\/wp-content\/uploads\/2022\/12\/Softform-Kapaklar-45-Kulp-Gorsel-ing-650x650.jpg 650w, https:\/\/arkopa.com.tr\/wp-content\/uploads\/2022\/12\/Softform-Kapaklar-45-Kulp-Gorsel-ing-1300x1300.jpg 1300w, https:\/\/arkopa.com.tr\/wp-content\/uploads\/2022\/12\/Softform-Kapaklar-45-Kulp-Gorsel-ing-600x600.jpg 600w, https:\/\/arkopa.com.tr\/wp-content\/uploads\/2022\/12\/Softform-Kapaklar-45-Kulp-Gorsel-ing-100x100.jpg 100w\" sizes=\"auto, (max-width: 1500px) 100vw, 1500px\" \/>                        <\/div>\n<\/div>[\/vc_column][vc_column width=&#8221;1\/2&#8243;]<div class=\"eltdf-single-image-holder   \">\n    <div class=\"eltdf-si-inner\" >\n                                    <img loading=\"lazy\" decoding=\"async\" width=\"1500\" height=\"1500\" src=\"https:\/\/arkopa.com.tr\/wp-content\/uploads\/2022\/12\/Softform-Kapaklar-45-Kulp-Gorsel-Detay-ing.jpg\" class=\"attachment-full size-full\" alt=\"\" srcset=\"https:\/\/arkopa.com.tr\/wp-content\/uploads\/2022\/12\/Softform-Kapaklar-45-Kulp-Gorsel-Detay-ing.jpg 1500w, https:\/\/arkopa.com.tr\/wp-content\/uploads\/2022\/12\/Softform-Kapaklar-45-Kulp-Gorsel-Detay-ing-300x300.jpg 300w, https:\/\/arkopa.com.tr\/wp-content\/uploads\/2022\/12\/Softform-Kapaklar-45-Kulp-Gorsel-Detay-ing-1024x1024.jpg 1024w, https:\/\/arkopa.com.tr\/wp-content\/uploads\/2022\/12\/Softform-Kapaklar-45-Kulp-Gorsel-Detay-ing-150x150.jpg 150w, https:\/\/arkopa.com.tr\/wp-content\/uploads\/2022\/12\/Softform-Kapaklar-45-Kulp-Gorsel-Detay-ing-768x768.jpg 768w, https:\/\/arkopa.com.tr\/wp-content\/uploads\/2022\/12\/Softform-Kapaklar-45-Kulp-Gorsel-Detay-ing-650x650.jpg 650w, https:\/\/arkopa.com.tr\/wp-content\/uploads\/2022\/12\/Softform-Kapaklar-45-Kulp-Gorsel-Detay-ing-1300x1300.jpg 1300w, https:\/\/arkopa.com.tr\/wp-content\/uploads\/2022\/12\/Softform-Kapaklar-45-Kulp-Gorsel-Detay-ing-600x600.jpg 600w, https:\/\/arkopa.com.tr\/wp-content\/uploads\/2022\/12\/Softform-Kapaklar-45-Kulp-Gorsel-Detay-ing-100x100.jpg 100w\" sizes=\"auto, (max-width: 1500px) 100vw, 1500px\" \/>                        <\/div>\n<\/div>[\/vc_column][\/vc_row][vc_row row_content_width=&#8221;grid&#8221;][vc_column][vc_empty_space height=&#8221;60px&#8221;][\/vc_column][\/vc_row][vc_row row_content_width=&#8221;grid&#8221;][vc_column width=&#8221;2\/3&#8243;][vc_empty_space height=&#8221;30px&#8221;][vc_column_text]<\/p>\n<h2>L &#8211; Handle<\/h2>\n<p>[\/vc_column_text][vc_column_text]<\/p>\n<p class=\"p1\">Yeni L Kulp modelimizle sadeli\u011fin ihti\u015fam\u0131n\u0131 denemeye haz\u0131r olun. Farkl\u0131 \u00f6l\u00e7\u00fc ve renk alternatifleriyle tarz\u0131n\u0131za ve zevkinize uygun se\u00e7enekler sunar.<\/p>\n<p>[\/vc_column_text][vc_empty_space height=&#8221;10px&#8221;][vc_column_text]<\/p>\n<p class=\"p1\">All of our products are in compliance with E1 quality standarts. For request based orders MR, TSCA VI &amp; FSC certificated Boards are available.<\/p>\n<p>[\/vc_column_text][vc_column_text]<\/p>\n<p class=\"p1\">Note : For the technical features and availabilities of SOFTFORM panels please get contact with us.<\/p>\n<p>[\/vc_column_text][vc_empty_space height=&#8221;20px&#8221;][\/vc_column][vc_column width=&#8221;1\/3&#8243;][vc_empty_space height=&#8221;30px&#8221;][vc_column_text]<\/p>\n<h3>Standart Product Features<\/h3>\n<table style=\"height: 253px;\" width=\"451\">\n<tbody>\n<tr>\n<td>Standart Thickness:<\/td>\n<td>18\u00a0mm<\/td>\n<\/tr>\n<tr>\n<td>Standart Length:<\/td>\n<td>2800\u00a0mm<\/td>\n<\/tr>\n<\/tbody>\n<\/table>\n<p>[\/vc_column_text][vc_empty_space height=&#8221;20px&#8221;][\/vc_column][\/vc_row][vc_row row_content_width=&#8221;grid&#8221;][vc_column width=&#8221;1\/2&#8243;]<div class=\"eltdf-single-image-holder   \">\n    <div class=\"eltdf-si-inner\" >\n                                    <img loading=\"lazy\" decoding=\"async\" width=\"1500\" height=\"1500\" src=\"https:\/\/arkopa.com.tr\/wp-content\/uploads\/2022\/12\/Softform-Kapaklar-L-Kulp-Gorsel-ing.jpg\" class=\"attachment-full size-full\" alt=\"\" srcset=\"https:\/\/arkopa.com.tr\/wp-content\/uploads\/2022\/12\/Softform-Kapaklar-L-Kulp-Gorsel-ing.jpg 1500w, https:\/\/arkopa.com.tr\/wp-content\/uploads\/2022\/12\/Softform-Kapaklar-L-Kulp-Gorsel-ing-300x300.jpg 300w, https:\/\/arkopa.com.tr\/wp-content\/uploads\/2022\/12\/Softform-Kapaklar-L-Kulp-Gorsel-ing-1024x1024.jpg 1024w, https:\/\/arkopa.com.tr\/wp-content\/uploads\/2022\/12\/Softform-Kapaklar-L-Kulp-Gorsel-ing-150x150.jpg 150w, https:\/\/arkopa.com.tr\/wp-content\/uploads\/2022\/12\/Softform-Kapaklar-L-Kulp-Gorsel-ing-768x768.jpg 768w, https:\/\/arkopa.com.tr\/wp-content\/uploads\/2022\/12\/Softform-Kapaklar-L-Kulp-Gorsel-ing-650x650.jpg 650w, https:\/\/arkopa.com.tr\/wp-content\/uploads\/2022\/12\/Softform-Kapaklar-L-Kulp-Gorsel-ing-1300x1300.jpg 1300w, https:\/\/arkopa.com.tr\/wp-content\/uploads\/2022\/12\/Softform-Kapaklar-L-Kulp-Gorsel-ing-600x600.jpg 600w, https:\/\/arkopa.com.tr\/wp-content\/uploads\/2022\/12\/Softform-Kapaklar-L-Kulp-Gorsel-ing-100x100.jpg 100w\" sizes=\"auto, (max-width: 1500px) 100vw, 1500px\" \/>                        <\/div>\n<\/div>[\/vc_column][vc_column width=&#8221;1\/2&#8243;]<div class=\"eltdf-single-image-holder   \">\n    <div class=\"eltdf-si-inner\" >\n                                    <img loading=\"lazy\" decoding=\"async\" width=\"1500\" height=\"1500\" src=\"https:\/\/arkopa.com.tr\/wp-content\/uploads\/2022\/12\/Softform-Kapaklar-L-Kulp-Gorsel-Detay-ing.jpg\" class=\"attachment-full size-full\" alt=\"\" srcset=\"https:\/\/arkopa.com.tr\/wp-content\/uploads\/2022\/12\/Softform-Kapaklar-L-Kulp-Gorsel-Detay-ing.jpg 1500w, https:\/\/arkopa.com.tr\/wp-content\/uploads\/2022\/12\/Softform-Kapaklar-L-Kulp-Gorsel-Detay-ing-300x300.jpg 300w, https:\/\/arkopa.com.tr\/wp-content\/uploads\/2022\/12\/Softform-Kapaklar-L-Kulp-Gorsel-Detay-ing-1024x1024.jpg 1024w, https:\/\/arkopa.com.tr\/wp-content\/uploads\/2022\/12\/Softform-Kapaklar-L-Kulp-Gorsel-Detay-ing-150x150.jpg 150w, https:\/\/arkopa.com.tr\/wp-content\/uploads\/2022\/12\/Softform-Kapaklar-L-Kulp-Gorsel-Detay-ing-768x768.jpg 768w, https:\/\/arkopa.com.tr\/wp-content\/uploads\/2022\/12\/Softform-Kapaklar-L-Kulp-Gorsel-Detay-ing-650x650.jpg 650w, https:\/\/arkopa.com.tr\/wp-content\/uploads\/2022\/12\/Softform-Kapaklar-L-Kulp-Gorsel-Detay-ing-1300x1300.jpg 1300w, https:\/\/arkopa.com.tr\/wp-content\/uploads\/2022\/12\/Softform-Kapaklar-L-Kulp-Gorsel-Detay-ing-600x600.jpg 600w, https:\/\/arkopa.com.tr\/wp-content\/uploads\/2022\/12\/Softform-Kapaklar-L-Kulp-Gorsel-Detay-ing-100x100.jpg 100w\" sizes=\"auto, (max-width: 1500px) 100vw, 1500px\" \/>                        <\/div>\n<\/div>[\/vc_column][\/vc_row][vc_row row_content_width=&#8221;grid&#8221;][vc_column][vc_empty_space height=&#8221;60px&#8221;][\/vc_column][\/vc_row]<\/p>\n","protected":false},"excerpt":{"rendered":"<p>[vc_row simple_background_color=&#8221;#f9f7f5&#8243;][vc_column][\/vc_column][\/vc_row][vc_row row_content_width=&#8221;grid&#8221;][vc_column][vc_empty_space height=&#8221;60px&#8221;][\/vc_column][\/vc_row][vc_row row_content_width=&#8221;grid&#8221;][vc_column width=&#8221;2\/3&#8243;][vc_empty_space height=&#8221;30px&#8221;][vc_column_text] J &#8211; Handle [\/vc_column_text][vc_column_text]J-handle single sided and double sided model helps you to create different concepts in your furniture with its single-sided J-Handle feature. It offers different options by shedding light on your [&hellip;]<\/p>\n","protected":false},"author":1,"featured_media":0,"parent":0,"menu_order":0,"comment_status":"closed","ping_status":"closed","template":"full-width.php","meta":{"footnotes":""},"class_list":["post-7578","page","type-page","status-publish","hentry"],"_links":{"self":[{"href":"https:\/\/arkopa.com.tr\/ar\/wp-json\/wp\/v2\/pages\/7578","targetHints":{"allow":["GET"]}}],"collection":[{"href":"https:\/\/arkopa.com.tr\/ar\/wp-json\/wp\/v2\/pages"}],"about":[{"href":"https:\/\/arkopa.com.tr\/ar\/wp-json\/wp\/v2\/types\/page"}],"author":[{"embeddable":true,"href":"https:\/\/arkopa.com.tr\/ar\/wp-json\/wp\/v2\/users\/1"}],"replies":[{"embeddable":true,"href":"https:\/\/arkopa.com.tr\/ar\/wp-json\/wp\/v2\/comments?post=7578"}],"version-history":[{"count":14,"href":"https:\/\/arkopa.com.tr\/ar\/wp-json\/wp\/v2\/pages\/7578\/revisions"}],"predecessor-version":[{"id":7614,"href":"https:\/\/arkopa.com.tr\/ar\/wp-json\/wp\/v2\/pages\/7578\/revisions\/7614"}],"wp:attachment":[{"href":"https:\/\/arkopa.com.tr\/ar\/wp-json\/wp\/v2\/media?parent=7578"}],"curies":[{"name":"wp","href":"https:\/\/api.w.org\/{rel}","templated":true}]}}